{"id":28,"date":"2021-08-23T00:06:59","date_gmt":"2021-08-23T00:06:59","guid":{"rendered":"https:\/\/www.psychologpodgrodzie.pl\/?page_id=28"},"modified":"2022-10-12T23:35:40","modified_gmt":"2022-10-12T23:35:40","slug":"strona-glowna","status":"publish","type":"page","link":"https:\/\/www.psychologpodgrodzie.pl\/","title":{"rendered":"Psycholog Podgrodzie D\u0119bica"},"content":{"rendered":"\n    \n    <section class=\"u-align-center u-clearfix u-image u-section-2\" id=\"carousel_ea40\" style=\"background-image: url(&quot;https:\/\/www.psychologpodgrodzie.pl\/wp-content\/uploads\/2021\/08\/min.jpg&quot;);\">\n      <div class=\"u-clearfix u-sheet u-sheet-1\">\n        <h2 class=\"u-align-center-xs u-text u-text-1\" data-animation-name=\"fadeIn\" data-animation-duration=\"1000\" data-animation-delay=\"0\" data-animation-direction=\"Down\">Pracownia<br>BADA\u0143 Psychologicznch<br>\n        <\/h2>\n        <h3 class=\"u-text u-text-2\">BADANIA KIEROWC\u00d3W,<br>BADANIA OPERATOR\u00d3W, BADANIA NA BRO\u0143,<br>MEDYCYNA PRACY.\n        <\/h3>\n        <h3 class=\"u-text u-text-3\"> BADANIA DO\nORZECZE\u0143 O NIEPE\u0141NOSPRAWNO\u015aCI<br>&nbsp;( WRAZ Z INTERPRETACJ\u0104 I PISEMN\u0104 OPINI\u0104\nPSYCHOLOGICZN\u0104).\n        <\/h3>\n        <h3 class=\"u-text u-text-custom-color-2 u-text-4\"> MO\u017bLIWO\u015a\u0106\nBADA\u0143 W J\u0118ZYKU UKRAI\u0143SKIM<\/h3>\n        <p class=\"u-text u-text-5\" data-animation-name=\"fadeIn\" data-animation-duration=\"2000\" data-animation-delay=\"0\" data-animation-direction=\"Up\">Podgrodzie - D\u0119bica<\/p>\n        <h2 class=\"u-custom-font u-font-roboto u-text u-text-6\" data-animation-name=\"flash\" data-animation-duration=\"1000\" data-animation-delay=\"0\" data-animation-direction=\"\">Tel:<span style=\"font-weight: 700;\"><\/span>&nbsp;+48 696 836 605 \n        <\/h2>\n      <\/div>\n    <\/section>\n    <section class=\"u-align-left u-border-2 u-border-palette-5-base u-clearfix u-section-3\" id=\"sec-ba3f\">\n      <div class=\"u-clearfix u-sheet u-sheet-1\">\n        <div class=\"fr-view u-align-center u-clearfix u-rich-text u-text u-text-1\" data-animation-name=\"zoomIn\" data-animation-duration=\"1000\" data-animation-delay=\"0\" data-animation-direction=\"\">\n          <h3 style=\"text-align: center;\">\n            <span style=\"font-weight: 700; font-style: italic;\">PSYCHOLOG PODGRODZIE - D\u0118BICA<\/span>\n          <\/h3>\n          <p style=\"text-align: center;\">\n            <span style=\"font-weight: 700; font-style: italic;\">Pracownia bada\u0144 psychologicznych<\/span>\n          <\/p>\n          <p style=\"text-align: center;\">\n            <span style=\"font-weight: 700; font-size: 1.125rem;\">Pracownia wyposa\u017cona jest w najnowocze\u015bniejsz\u0105 aparatur\u0119 SDP-system, dzi\u0119ki czemu wraz z wiedz\u0105 i profesjonalnym podej\u015bciem do klienta &nbsp;gwarantuje sprawne i rzetelne badanie. Zintegrowany system pomiaru zmiennych psychofizycznych i &nbsp;psychofizjologicznych daje mo\u017cliwo\u015b\u0107 bardzo szybkiej i szczeg\u00f3\u0142owej diagnozy.<\/span>\n            <span style=\"line-height: 2.0;\">\n              <img align=\"center\" style=\"width: 366px;\" class=\"fr-dib fr-fic\" src=\"https:\/\/www.psychologpodgrodzie.pl\/wp-content\/uploads\/2021\/09\/front21.png\" width=\"570\">&nbsp; \n            <\/span>\n          <\/p>\n        <\/div>\n      <\/div>\n    <\/section>\n    <section class=\"skrollable u-align-center u-clearfix u-image u-lightbox u-parallax u-section-4\" id=\"carousel_4993\" data-image-width=\"150\" data-image-height=\"99\" style=\"background-image: url(&quot;https:\/\/www.psychologpodgrodzie.pl\/wp-content\/uploads\/2021\/08\/cf6357e9111241dbdc43b97b4dd768b70599fb9e6e89f7b982f6f5b513c24fbf75ede6ca6ef16e79353945d389e3586b215d8fb0cc81152c407ae7_1280.jpg&quot;);\">\n      <div class=\"u-clearfix u-sheet u-sheet-1\">\n        <div class=\"u-clearfix u-expanded-width-sm u-expanded-width-xs u-layout-wrap u-layout-wrap-1\">\n          <div class=\"u-layout\">\n            <div class=\"u-layout-row\">\n              <div class=\"u-align-center-xs u-container-style u-grey-10 u-layout-cell u-size-36 u-layout-cell-1\">\n                <div class=\"u-container-layout u-valign-bottom u-container-layout-1\">\n                  <h2 class=\"u-custom-font u-font-raleway u-text u-text-1\"> BADANIA KIEROWC\u00d3W<\/h2>\n                  <p class=\"u-align-left-lg u-align-left-md u-align-left-sm u-align-left-xl u-custom-font u-font-montserrat u-text u-text-2\"> -<span style=\"font-weight: 700;\"> ubiegaj\u0105cych si\u0119 prawo jazdy kat: C, C+E, D, D+E&nbsp;<br>- Instruktor\u00f3w i kandydat\u00f3w na instruktora nauki jazdy&nbsp;<br>- kieruj\u0105cych pojazdami s\u0142u\u017cbowymi w celach zawodowych np.\nTAXI&nbsp;<br>- kierowc\u00f3w przed\u0142u\u017caj\u0105cych uprawnienia i kandydat\u00f3w do\npracy w transporcie&nbsp;<br>- kieruj\u0105cych pojazdami uprzywilejowanymi lub przewo\u017c\u0105cych\nwarto\u015bci pieni\u0119\u017cne&nbsp;\n                    <\/span>\n                    <br>\n                    <span style=\"font-weight: 700;\">- os\u00f3b skierowanych na badania w wyniku decyzji\nadministracyjnej w zwi\u0105zku z kierowaniem pojazdem pod wp\u0142ywem alkoholu,\nprzekroczeniem limitu punkt\u00f3w karnych, spowodowaniem wypadku drogowego. <\/span>\n                  <\/p>\n                  <img class=\"u-image u-image-default u-image-1\" src=\"https:\/\/www.psychologpodgrodzie.pl\/wp-content\/uploads\/2021\/08\/751216681-0.png\" alt=\"\" data-image-width=\"1600\" data-image-height=\"900\" data-animation-name=\"slideIn\" data-animation-duration=\"1000\" data-animation-delay=\"0\" data-animation-direction=\"Down\">\n                <\/div>\n              <\/div>\n              <div class=\"u-align-left u-container-style u-effect-hover-zoom u-image-contain u-layout-cell u-size-24 u-layout-cell-2\" data-image-width=\"1600\" data-image-height=\"900\">\n                <div class=\"u-background-effect u-expanded\">\n                  <div class=\"u-background-effect-image u-expanded u-image u-image-contain u-image-2\" data-image-width=\"118\" data-image-height=\"150\" style=\"background-image: url(&quot;https:\/\/www.psychologpodgrodzie.pl\/wp-content\/uploads\/2021\/08\/751216681-01.png&quot;);\"><\/div>\n                <\/div>\n                <div class=\"u-container-layout u-valign-middle-md u-container-layout-2\"><\/div>\n              <\/div>\n            <\/div>\n          <\/div>\n        <\/div>\n      <\/div>\n    <\/section>\n    <section class=\"u-clearfix u-grey-25 u-section-5\" id=\"sec-ca80\">\n      <div class=\"u-clearfix u-sheet u-valign-middle-xs u-sheet-1\">\n        <div class=\"u-clearfix u-expanded-width-lg u-expanded-width-md u-expanded-width-sm u-expanded-width-xl u-layout-wrap u-layout-wrap-1\">\n          <div class=\"u-layout\">\n            <div class=\"u-layout-row\">\n              <div class=\"u-align-center u-container-style u-layout-cell u-size-23 u-layout-cell-1\">\n                <div class=\"u-container-layout u-valign-top-xs u-container-layout-1\">\n                  <div class=\"u-palette-4-base u-shape u-shape-rectangle u-shape-1\"><\/div>\n                  <img src=\"https:\/\/www.psychologpodgrodzie.pl\/wp-content\/uploads\/2021\/08\/a74f647ee9434dc4ba615ae72b63ae324047f4f5d384df79fb6debb1265a84f49a45b14a89e88393ff902d3ff179be4d497e7fc2ebf125ce4e39c2_1280.jpg\" alt=\"\" class=\"u-expanded-width u-image u-image-default u-image-1\" data-image-width=\"1280\" data-image-height=\"745\" data-animation-name=\"zoomIn\" data-animation-duration=\"1000\" data-animation-delay=\"0\" data-animation-direction=\"\">\n                  <img class=\"u-expanded-width u-image u-image-default u-image-2\" src=\"https:\/\/www.psychologpodgrodzie.pl\/wp-content\/uploads\/2021\/08\/465b4150608cc15b92c0076d384983ba833f9182e66b0a1e5825ca7ff4d279bea060ea82e0322f5edfd8ee0933b2788d8273aff7b89d172592d5c8_1280.jpg\" alt=\"\" data-image-width=\"1280\" data-image-height=\"853\">\n                <\/div>\n              <\/div>\n              <div class=\"u-container-style u-layout-cell u-size-37 u-layout-cell-2\">\n                <div class=\"u-container-layout u-valign-top u-container-layout-2\">\n                  <div id=\"carousel-3274\" data-interval=\"5000\" data-u-ride=\"false\" class=\"u-carousel u-carousel-duration-0 u-expanded-width u-slider u-slider-1\" data-pause=\"false\">\n                    <ol class=\"u-absolute-hcenter u-carousel-indicators u-carousel-indicators-1\">\n                      <li data-u-target=\"#carousel-3274\" class=\"u-active u-grey-30 u-shape-circle\" data-u-slide-to=\"0\" style=\"width: 10px; height: 10px;\"><\/li>\n                    <\/ol>\n                    <div class=\"u-carousel-inner\" role=\"listbox\">\n                      <div class=\"u-active u-align-center u-carousel-item u-container-style u-slide\">\n                        <div class=\"u-container-layout u-container-layout-3\">\n                          <h2 class=\"u-align-center u-custom-font u-font-montserrat u-text u-text-1\"> BADANIA OPERATOR\u00d3W&nbsp;<\/h2>\n                          <p class=\"u-text u-text-2\">\n                            <span style=\"font-weight: 700;\">- sprz\u0119tu budowlanego<br>- koparki, d\u017awigi, w\u00f3zki wid\u0142owe,\n\u017curawie oraz inne maszyny<br>&nbsp; - os\u00f3b pracuj\u0105cych na wysoko\u015bciach i zamkni\u0119tych\npomieszczeniach \n                            <\/span>\n                          <\/p>\n                          <img class=\"u-image u-image-contain u-image-default u-preserve-proportions u-image-3\" src=\"https:\/\/www.psychologpodgrodzie.pl\/wp-content\/uploads\/2021\/08\/751216681-02.jpeg\" alt=\"Badania operator\u00f3w\" data-animation-name=\"fadeIn\" data-animation-duration=\"1000\" data-animation-delay=\"0\">\n                        <\/div>\n                      <\/div>\n                    <\/div>\n                    <a class=\"u-absolute-vcenter u-carousel-control u-carousel-control-prev u-hidden u-icon-rectangle u-text-body-color u-carousel-control-1\" href=\"#carousel-3274\" role=\"button\" data-u-slide=\"prev\">\n                      <span aria-hidden=\"true\">\n                        <svg viewBox=\"0 0 477.175 477.175\"><path d=\"M145.188,238.575l215.5-215.5c5.3-5.3,5.3-13.8,0-19.1s-13.8-5.3-19.1,0l-225.1,225.1c-5.3,5.3-5.3,13.8,0,19.1l225.1,225\n\t\tc2.6,2.6,6.1,4,9.5,4s6.9-1.3,9.5-4c5.3-5.3,5.3-13.8,0-19.1L145.188,238.575z\"><\/path><\/svg>\n                      <\/span>\n                      <span class=\"sr-only\">\n                        <svg viewBox=\"0 0 477.175 477.175\"><path d=\"M145.188,238.575l215.5-215.5c5.3-5.3,5.3-13.8,0-19.1s-13.8-5.3-19.1,0l-225.1,225.1c-5.3,5.3-5.3,13.8,0,19.1l225.1,225\n\t\tc2.6,2.6,6.1,4,9.5,4s6.9-1.3,9.5-4c5.3-5.3,5.3-13.8,0-19.1L145.188,238.575z\"><\/path><\/svg>\n                      <\/span>\n                    <\/a>\n                    <a class=\"u-absolute-vcenter u-carousel-control u-carousel-control-next u-hidden u-icon-rectangle u-text-body-color u-carousel-control-2\" href=\"#carousel-3274\" role=\"button\" data-u-slide=\"next\">\n                      <span aria-hidden=\"true\">\n                        <svg viewBox=\"0 0 477.175 477.175\"><path d=\"M360.731,229.075l-225.1-225.1c-5.3-5.3-13.8-5.3-19.1,0s-5.3,13.8,0,19.1l215.5,215.5l-215.5,215.5\n\t\tc-5.3,5.3-5.3,13.8,0,19.1c2.6,2.6,6.1,4,9.5,4c3.4,0,6.9-1.3,9.5-4l225.1-225.1C365.931,242.875,365.931,234.275,360.731,229.075z\"><\/path><\/svg>\n                      <\/span>\n                      <span class=\"sr-only\">\n                        <svg viewBox=\"0 0 477.175 477.175\"><path d=\"M360.731,229.075l-225.1-225.1c-5.3-5.3-13.8-5.3-19.1,0s-5.3,13.8,0,19.1l215.5,215.5l-215.5,215.5\n\t\tc-5.3,5.3-5.3,13.8,0,19.1c2.6,2.6,6.1,4,9.5,4c3.4,0,6.9-1.3,9.5-4l225.1-225.1C365.931,242.875,365.931,234.275,360.731,229.075z\"><\/path><\/svg>\n                      <\/span>\n                    <\/a>\n                  <\/div>\n                <\/div>\n              <\/div>\n            <\/div>\n          <\/div>\n        <\/div>\n      <\/div>\n    <\/section>\n    <section class=\"u-clearfix u-valign-middle-xs u-valign-top-lg u-valign-top-md u-valign-top-sm u-valign-top-xl u-section-6\" id=\"carousel_78f2\">\n      <div class=\"u-expanded-width u-grey-25 u-shape u-shape-rectangle u-shape-1\"><\/div>\n      <div class=\"u-clearfix u-layout-wrap u-layout-wrap-1\">\n        <div class=\"u-layout\">\n          <div class=\"u-layout-row\">\n            <div class=\"u-size-30 u-size-30-md\">\n              <div class=\"u-layout-col\">\n                <div class=\"u-container-style u-layout-cell u-size-60 u-layout-cell-1\">\n                  <div class=\"u-container-layout u-container-layout-1\">\n                    <h2 class=\"u-align-center u-text u-text-default u-text-palette-1-base u-text-1\">\n                      <span class=\"u-text-black\">BADANIA NA BRO\u0143<\/span>\n                    <\/h2>\n                    <p class=\"u-align-center u-text u-text-black u-text-2\">\n                      <span style=\"font-size: 1.125rem;\"> - paln\u0105<br>- gazow\u0105&nbsp;<br>- my\u015bliwsk\u0105<br>- Badania dla kwalifikowanych pracownik\u00f3w ochrony w zakresie bada\u0144 psychologicznych<br>- Badania w zakresie predyspozycji i umiej\u0119tno\u015bci psychologicznych niezb\u0119dnych do obj\u0119cia urz\u0119du s\u0119dziego, prokuratora, kuratora s\u0105dowego.\n                      <\/span>\n                      <br>\n                      <br>\n                    <\/p>\n                  <\/div>\n                <\/div>\n              <\/div>\n            <\/div>\n            <div class=\"u-size-14 u-size-30-md\">\n              <div class=\"u-layout-col\">\n                <div class=\"u-align-center-lg u-align-center-xl u-align-left-md u-align-left-sm u-container-style u-layout-cell u-size-30 u-layout-cell-2\">\n                  <div class=\"u-container-layout u-valign-middle-lg u-valign-middle-xl u-container-layout-2\">\n                    <div alt=\"\" class=\"u-border-10 u-border-custom-color-1 u-image u-image-circle u-image-contain u-image-1\" data-image-width=\"71\" data-image-height=\"150\" style=\"background-image: url(&quot;https:\/\/www.psychologpodgrodzie.pl\/wp-content\/uploads\/2021\/08\/751216681-02.png&quot;);\"><\/div>\n                  <\/div>\n                <\/div>\n                <div class=\"u-container-style u-layout-cell u-size-30 u-layout-cell-3\">\n                  <div class=\"u-container-layout u-valign-top u-container-layout-3\">\n                    <div alt=\"\" class=\"u-border-10 u-border-custom-color-1 u-image u-image-circle u-image-2\" data-image-width=\"150\" data-image-height=\"100\" style=\"background-image: url(&quot;https:\/\/www.psychologpodgrodzie.pl\/wp-content\/uploads\/2021\/08\/751216681-04.jpeg&quot;);\"><\/div>\n                  <\/div>\n                <\/div>\n              <\/div>\n            <\/div>\n            <div class=\"u-size-16 u-size-60-md\">\n              <div class=\"u-layout-col\">\n                <div class=\"u-align-center-lg u-align-center-md u-align-center-sm u-align-center-xl u-container-style u-layout-cell u-size-60 u-layout-cell-4\">\n                  <div class=\"u-container-layout u-valign-middle-lg u-valign-middle-md u-valign-middle-sm u-valign-middle-xl u-container-layout-4\">\n                    <div alt=\"\" class=\"u-align-center-xs u-border-10 u-border-custom-color-1 u-image u-image-circle u-image-3\" data-image-width=\"150\" data-image-height=\"100\" style=\"background-image: url(&quot;https:\/\/www.psychologpodgrodzie.pl\/wp-content\/uploads\/2021\/08\/751216681-03.jpeg&quot;);\"><\/div>\n                  <\/div>\n                <\/div>\n              <\/div>\n            <\/div>\n          <\/div>\n        <\/div>\n      <\/div>\n    <\/section>\n    <section class=\"u-clearfix u-grey-10 u-section-7\" id=\"carousel_93cf\">\n      <div class=\"u-clearfix u-sheet u-valign-middle-sm u-sheet-1\">\n        <div class=\"u-border-6 u-border-white u-image u-image-circle u-image-1\" data-image-width=\"150\" data-image-height=\"96\" style=\"background-image: url(&quot;https:\/\/www.psychologpodgrodzie.pl\/wp-content\/uploads\/2021\/11\/28-0-1.jpeg&quot;);\"><\/div>\n        <div class=\"u-border-7 u-border-white u-image u-image-circle u-image-2\" data-image-width=\"150\" data-image-height=\"100\" style=\"background-image: url(&quot;https:\/\/www.psychologpodgrodzie.pl\/wp-content\/uploads\/2021\/11\/28-0-2.jpeg&quot;);\"><\/div>\n        <div class=\"u-border-20 u-border-white u-image u-image-circle u-preserve-proportions u-image-3\" data-image-width=\"150\" data-image-height=\"95\" style=\"background-image: url(&quot;https:\/\/www.psychologpodgrodzie.pl\/wp-content\/uploads\/2021\/11\/28-0-3.jpeg&quot;);\"><\/div>\n        <div class=\"u-align-left u-container-style u-group u-white u-group-1\">\n          <div class=\"u-container-layout u-container-layout-1\">\n            <h2 class=\"u-custom-font u-font-roboto u-text u-text-palette-5-dark-2 u-text-1\">\n              <span style=\"font-size: 2.25rem; font-weight: 700;\">M\u200bEDYCYNA PRACY<\/span>\n            <\/h2>\n            <p class=\"u-text u-text-2\">Wsp\u00f3\u0142pracujemy z o\u015brodkiem medycyny pracy. Lekarze specjali\u015bci wykonuj\u0105 us\u0142ugi niezb\u0119dne do:<i><\/i>\n              <br>\n              <br>-&nbsp; Wst\u0119pnych bada\u0144 lekarskich, kt\u00f3rym podlegaj\u0105&nbsp; &nbsp; &nbsp; &nbsp;osoby przyjmowane do pracy;<br>-&nbsp; Okresowych bada\u0144 lekarskich, kt\u00f3rym podlegaj\u0105&nbsp; &nbsp; &nbsp;wszyscy pracownicy;<br>-&nbsp; &nbsp;Kontrolnych bada\u0144 lekarskich, kt\u00f3rym podlegaj\u0105&nbsp; &nbsp;pracownicy po zwolnieniu lekarskim trwaj\u0105cym&nbsp; &nbsp;d\u0142u\u017cej ni\u017c 30 dni.<br>\n              <br>\n              <span class=\"u-text-palette-2-base\" style=\"font-weight: 700;\">Wi\u0119cej informacji po numerem telefonu:<br>&nbsp;+48 696 836 605\n              <\/span>\n            <\/p>\n          <\/div>\n        <\/div>\n        <div class=\"u-palette-1-light-1 u-shape u-shape-circle u-shape-1\"><\/div>\n        <div class=\"u-preserve-proportions u-shape u-shape-svg u-text-palette-1-base u-shape-2\" data-animation-name=\"shake\" data-animation-duration=\"1000\" data-animation-delay=\"0\" data-animation-direction=\"\">\n          <svg class=\"u-svg-link\" preserveAspectRatio=\"none\" viewBox=\"0 0 160 160\" style=\"\"><use xlink:href=\"#svg-410b\"><\/use><\/svg>\n          <svg class=\"u-svg-content\" viewBox=\"0 0 160 160\" x=\"0px\" y=\"0px\" id=\"svg-410b\" style=\"enable-background:new 0 0 160 160;\"><path d=\"M80,30c27.6,0,50,22.4,50,50s-22.4,50-50,50s-50-22.4-50-50S52.4,30,80,30 M80,0C35.8,0,0,35.8,0,80s35.8,80,80,80\n\ts80-35.8,80-80S124.2,0,80,0L80,0z\"><\/path><\/svg>\n        <\/div>\n      <\/div>\n    <\/section>\n    <section class=\"u-clearfix u-valign-middle-lg u-valign-middle-md u-valign-middle-sm u-valign-middle-xl u-section-8\" id=\"sec-0fc1\">\n      <div class=\"u-expanded u-grey-10 u-map\">\n        <div class=\"embed-responsive\">\n          <iframe class=\"embed-responsive-item\" src=\"\/\/maps.google.com\/maps?output=embed&amp;q=39-200%20D%C4%99bica%2C%20Podgrodzie174&amp;z=12&amp;t=m\" data-map=\"JTdCJTIyYWRkcmVzcyUyMiUzQSUyMjM5LTIwMCUyMEQlQzQlOTliaWNhJTJDJTIwUG9kZ3JvZHppZTE3NCUyMiUyQyUyMnpvb20lMjIlM0ExMiUyQyUyMnR5cGVJZCUyMiUzQSUyMnJvYWQlMjIlMkMlMjJsYW5nJTIyJTNBbnVsbCUyQyUyMmFwaUtleSUyMiUzQW51bGwlMkMlMjJtYXJrZXJzJTIyJTNBJTVCJTVEJTdE\"><\/iframe>\n        <\/div>\n      <\/div>\n      <div class=\"u-align-left u-container-style u-group u-white u-group-1\">\n        <div class=\"u-container-layout u-container-layout-1\">\n          <h6 class=\"u-text u-text-1\">\n            <span style=\"font-weight: 700;\">\n              <a href=\"https:\/\/psychologpodgrodzie.pl\" class=\"u-active-none u-border-none u-btn u-button-link u-button-style u-hover-none u-none u-text-body-color u-btn-1\">PSYCHOLOG PODGRODZIE<\/a>\n            <\/span>\n            <span style=\"font-weight: 700;\"><\/span>\n          <\/h6>\n          <h2 class=\"u-text u-text-2\">KONTAKT<\/h2>\n          <p class=\"u-text u-text-3\">39-200 D\u0119bica<br>Podgrodzie\n174<br>\n          <\/p>\n          <p class=\"u-text u-text-4\">Tel. +48 696 836 605 <\/p>\n          <p class=\"u-text u-text-5\">\n            <a class=\"u-active-none u-border-none u-btn u-button-link u-button-style u-hover-none u-none u-text-palette-1-base u-btn-2\" href=\"mailto:pracownia@psychologpodgrodzie.pl\">pracownia@psychologpodgrodzie.pl<\/a>\n          <\/p>\n        <\/div>\n      <\/div>\n    <\/section>\n    \n    \n    \n  \n","protected":false},"excerpt":{"rendered":"<p>PracowniaBADA\u0143 Psychologicznch BADANIA KIEROWC\u00d3W,BADANIA OPERATOR\u00d3W, BADANIA NA BRO\u0143,MEDYCYNA PRACY. BADANIA DO ORZECZE\u0143 O NIEPE\u0141NOSPRAWNO\u015aCI&nbsp;( WRAZ Z INTERPRETACJ\u0104 I PISEMN\u0104 OPINI\u0104 PSYCHOLOGICZN\u0104). MO\u017bLIWO\u015a\u0106 BADA\u0143 W J\u0118ZYKU UKRAI\u0143SKIM Podgrodzie &#8211; D\u0119bica Tel:&nbsp;+48 696 836 605 PSYCHOLOG PODGRODZIE &#8211; D\u0118BICA Pracownia bada\u0144 psychologicznych Pracownia wyposa\u017cona jest w najnowocze\u015bniejsz\u0105 aparatur\u0119 SDP-system, dzi\u0119ki czemu wraz z wiedz\u0105 i profesjonalnym podej\u015bciem &hellip; <a href=\"https:\/\/www.psychologpodgrodzie.pl\/\" class=\"more-link\">Continue reading<span class=\"screen-reader-text\"> &#8222;Psycholog Podgrodzie D\u0119bica&#8221;<\/span><\/a><\/p>\n","protected":false},"author":1,"featured_media":0,"parent":0,"menu_order":1,"comment_status":"closed","ping_status":"closed","template":"","meta":[],"_links":{"self":[{"href":"https:\/\/www.psychologpodgrodzie.pl\/index.php?rest_route=\/wp\/v2\/pages\/28"}],"collection":[{"href":"https:\/\/www.psychologpodgrodzie.pl\/index.php?rest_route=\/wp\/v2\/pages"}],"about":[{"href":"https:\/\/www.psychologpodgrodzie.pl\/index.php?rest_route=\/wp\/v2\/types\/page"}],"author":[{"embeddable":true,"href":"https:\/\/www.psychologpodgrodzie.pl\/index.php?rest_route=\/wp\/v2\/users\/1"}],"replies":[{"embeddable":true,"href":"https:\/\/www.psychologpodgrodzie.pl\/index.php?rest_route=%2Fwp%2Fv2%2Fcomments&post=28"}],"version-history":[{"count":14,"href":"https:\/\/www.psychologpodgrodzie.pl\/index.php?rest_route=\/wp\/v2\/pages\/28\/revisions"}],"predecessor-version":[{"id":84,"href":"https:\/\/www.psychologpodgrodzie.pl\/index.php?rest_route=\/wp\/v2\/pages\/28\/revisions\/84"}],"wp:attachment":[{"href":"https:\/\/www.psychologpodgrodzie.pl\/index.php?rest_route=%2Fwp%2Fv2%2Fmedia&parent=28"}],"curies":[{"name":"wp","href":"https:\/\/api.w.org\/{rel}","templated":true}]}}